{"id":58,"date":"2020-11-28T18:48:31","date_gmt":"2020-11-28T18:48:31","guid":{"rendered":"http:\/\/sfk.life\/?page_id=58"},"modified":"2021-01-07T16:26:42","modified_gmt":"2021-01-07T16:26:42","slug":"youtube-video","status":"publish","type":"page","link":"https:\/\/sfk.life\/en\/youtube-video\/","title":{"rendered":"Video clip"},"content":{"rendered":"<p class=\"gtfy-1\"><section id=\"origincode_videogallery_content_2\" class=\"gallery-video-content\"\n         data-gallery-video-id=\"2\"\n         data-gallery-video-perpage=\"6\">\n    <div id=\"origincode_videogallery_container_2\"\n         class=\"origincode_videogallery_container super-list variable-sizes clearfix view-lightbox-gallery\"\n         data-show-center=\"off\">\n        <div id=\"origincode_videogallery_container_moving_2\"\n             class=\"super-list variable-sizes clearfix\">\n            <input type=\"hidden\" class=\"pagenum\" value=\"1\"\/>\n            <input type=\"hidden\" id=\"total\" value=\"4\"\/>\n                            <div data-id=\"27\"\n                     class=\"video-element_2 video-element\" tabindex=\"0\"\n                     data-symbol=\"Skuldslaven har ordet\"\n                     data-category=\"alkaline-earth\">\n                    <div class=\"image-block_2\">\n                                                    <a class=\"vyoutube origincode_videogallery_item group2\"\n                               href=\"\/\/www.youtube.com\/embed\/MBecgmEnWnE\"\n                               title=\"Skuldslaven har ordet\"\n                               data-description=\"En ber\u00e4ttelse om en skuld till trafikf\u00f6rs\u00e4kringsf\u00f6rening som eskalerat. I ett samarbete mellan kronofogden och trafikf\u00f6rs\u00e4kringsf\u00f6reningen. Forst\u00e4ttning f\u00f6ljer. \u00c4r ni intresserade av att veta mer kontakta oss.\"\n                               data-id=\"27\">\n                                <img decoding=\"async\" src=\"\/\/img.youtube.com\/vi\/MBecgmEnWnE\/mqdefault.jpg\"\n                                     alt=\"Skuldslaven har ordet\"\/>\n                                <div class=\"play-icon http:\/\/youtube-icon\"><\/div>\n                            <\/a>\n                                                <\/div>\n                                            <div class=\"title-block_2\">\n                                                    Skuldslaven har ordet                                                <\/div>\n                                    <\/div>\n                                <div data-id=\"26\"\n                     class=\"video-element_2 video-element\" tabindex=\"0\"\n                     data-symbol=\"Skuldslaven har ordet\"\n                     data-category=\"alkaline-earth\">\n                    <div class=\"image-block_2\">\n                                                    <a class=\"vyoutube origincode_videogallery_item group2\"\n                               href=\"\/\/www.youtube.com\/embed\/9HAYXB-6Qu8\"\n                               title=\"Skuldslaven har ordet\"\n                               data-description=\"En ber\u00e4ttelse om en skuld till trafikf\u00f6rs\u00e4kringsf\u00f6rening som eskalerat. I ett samarbete mellan kronofogden och trafikf\u00f6rs\u00e4kringsf\u00f6reningen. Forst\u00e4ttning f\u00f6ljer. \u00c4r ni intresserade av att veta mer kontakta oss.\"\n                               data-id=\"26\">\n                                <img decoding=\"async\" src=\"\/\/img.youtube.com\/vi\/9HAYXB-6Qu8\/mqdefault.jpg\"\n                                     alt=\"Skuldslaven har ordet\"\/>\n                                <div class=\"play-icon http:\/\/youtube-icon\"><\/div>\n                            <\/a>\n                                                <\/div>\n                                            <div class=\"title-block_2\">\n                                                    Skuldslaven har ordet                                                <\/div>\n                                    <\/div>\n                                <div data-id=\"25\"\n                     class=\"video-element_2 video-element\" tabindex=\"0\"\n                     data-symbol=\"Civilspanaren i \u00c5kersberga\"\n                     data-category=\"alkaline-earth\">\n                    <div class=\"image-block_2\">\n                                                    <a class=\"vyoutube origincode_videogallery_item group2\"\n                               href=\"\/\/www.youtube.com\/embed\/9HAYXB-6Qu8\"\n                               title=\"Civilspanaren i \u00c5kersberga\"\n                               data-description=\"En civilspanare ute i \u00c5kersbergaEn civilspanare ute i \u00c5kersberga\"\n                               data-id=\"25\">\n                                <img decoding=\"async\" src=\"\/\/img.youtube.com\/vi\/9HAYXB-6Qu8\/mqdefault.jpg\"\n                                     alt=\"Civilspanaren i \u00c5kersberga\"\/>\n                                <div class=\"play-icon http:\/\/youtube-icon\"><\/div>\n                            <\/a>\n                                                <\/div>\n                                            <div class=\"title-block_2\">\n                                                    Civilspanaren i \u00c5kersberga                                                <\/div>\n                                    <\/div>\n                                <div data-id=\"24\"\n                     class=\"video-element_2 video-element\" tabindex=\"0\"\n                     data-symbol=\"Trafikverket - \u00c4r det h\u00e4r ocker?\"\n                     data-category=\"alkaline-earth\">\n                    <div class=\"image-block_2\">\n                                                    <a class=\"vyoutube origincode_videogallery_item group2\"\n                               href=\"\/\/www.youtube.com\/embed\/8dxEmd-JrDU\"\n                               title=\"Trafikverket - \u00c4r det h\u00e4r ocker?\"\n                               data-description=\"https:\/\/www.youtube.com\/watch?v=8dxEmd-JrDU&amp;t=7s\"\n                               data-id=\"24\">\n                                <img decoding=\"async\" src=\"\/\/img.youtube.com\/vi\/8dxEmd-JrDU\/mqdefault.jpg\"\n                                     alt=\"Trafikverket - \u00c4r det h\u00e4r ocker?\"\/>\n                                <div class=\"play-icon http:\/\/youtube-icon\"><\/div>\n                            <\/a>\n                                                <\/div>\n                                            <div class=\"title-block_2\">\n                                                    Trafikverket - \u00c4r det h\u00e4r ocker?                                                <\/div>\n                                    <\/div>\n                                <div data-id=\"9\"\n                     class=\"video-element_2 video-element\" tabindex=\"0\"\n                     data-symbol=\"En kortare f\u00f6rklaring P1, P2, P3\"\n                     data-category=\"alkaline-earth\">\n                    <div class=\"image-block_2\">\n                                                    <a class=\"vyoutube origincode_videogallery_item group2\"\n                               href=\"\/\/www.youtube.com\/embed\/NkQpdses1is\"\n                               title=\"A shorter explanation P1, P2, P3\"\n                               data-description=\"\"\n                               data-id=\"9\">\n                                <img decoding=\"async\" src=\"\/\/img.youtube.com\/vi\/NkQpdses1is\/mqdefault.jpg\"\n                                     alt=\"En kortare f\u00f6rklaring P1, P2, P3\"\/>\n                                <div class=\"play-icon http:\/\/youtube-icon\"><\/div>\n                            <\/a>\n                                                <\/div>\n                                            <div class=\"title-block_2\">\n                                                    A shorter explanation P1, P2, P3                                                <\/div>\n                                    <\/div>\n                                <div data-id=\"15\"\n                     class=\"video-element_2 video-element\" tabindex=\"0\"\n                     data-symbol=\"Bolagsupplysningen Sveriges pr\u00f6vningsverktyg\"\n                     data-category=\"alkaline-earth\">\n                    <div class=\"image-block_2\">\n                                                    <a class=\"vyoutube origincode_videogallery_item group2\"\n                               href=\"\/\/www.youtube.com\/embed\/g0OOuE9TDh8\"\n                               title=\"Bolagsupplysningen Sweden&#039;s examination tool\"\n                               data-description=\"\"\n                               data-id=\"15\">\n                                <img decoding=\"async\" src=\"\/\/img.youtube.com\/vi\/g0OOuE9TDh8\/mqdefault.jpg\"\n                                     alt=\"Bolagsupplysningen Sveriges pr\u00f6vningsverktyg\"\/>\n                                <div class=\"play-icon http:\/\/youtube-icon\"><\/div>\n                            <\/a>\n                                                <\/div>\n                                            <div class=\"title-block_2\">\n                                                    Bolagsupplysningen Sweden&#039;s examination tool                                                <\/div>\n                                    <\/div>\n                        <\/div>\n    <\/div>\n\n            <div class=\"paginate4\">\n            1\/4 <a href= \"?page-video258=2\"><i class=\"icon-style4 origincodeicons-chevron-right\"><\/i><\/a>  \n                                   <a href= \"?page-video258=4\"><i class=\"icon-style4 origincodeicons-fast-forward\" ><\/i><\/a>        <\/div>\n        <\/section>\n<style>\n\n.video-element_2 {\n    width: 100%;\n    max-width:275px;\n    margin:0 0 10px 0;\n    border:0px solid #EEEEEE;\n    border-radius:3px;\n    outline:none;\n    overflow:hidden;\n    box-sizing: content-box;\n}\n\n.video-element_2 .image-block_2 {\n    position:relative;\n    width: 100%;\n    max-width:275px;\n}\n\n.video-element_2 .image-block_2 a {display:block;box-shadow: none !important;}\n\n.video-element_2 .image-block_2 img {\n    width:275px !important;\n    height:auto;\n    display:block;\n    border-radius: 0 !important;\n    box-shadow: 0 0 0 rgba(0, 0, 0, 0) !important;\n}\n\n.video-element_2 .image-block_2 img:hover {\n    cursor: -webkit-zoom-in; cursor: -moz-zoom-in;\n}\n\n.video-element_2 .image-block_2 .play-icon {\n    position:absolute;\n    top:0;\n    left:0;\n    width:100%;\n    height:100%;\n    cursor: -webkit-zoom-in;\n    cursor: -moz-zoom-in;\n}\n\n.video-element_2 .image-block_2  .play-icon.youtube-icon {background:url(https:\/\/sfk.life\/wp-content\/plugins\/smart-grid-gallery\/assets\/images\/admin_images\/play.youtube.png) center center no-repeat;}\n\n.video-element_2 .image-block_2  .play-icon.vimeo-icon {background:url(https:\/\/sfk.life\/wp-content\/plugins\/smart-grid-gallery\/assets\/images\/admin_images\/play.vimeo.png) center center no-repeat;}\n\n\n.video-element_2 .title-block_2 {\n    position:absolute;\n    text-overflow: ellipsis;\n    overflow: hidden;\n    left:0;\n    width:100%;\n    height:30px;\n    bottom:-35px;\n    color:#C02121;\n    background: rgba(0,0,0,0.8)  !important;\n    -webkit-transition: bottom 0.3s ease-out 0.1s;\n    -moz-transition: bottom 0.3s ease-out 0.1s;\n    -o-transition: bottom 0.3s ease-out 0.1s;\n    transition: bottom 0.3s ease-out 0.1s;\n}\n.entry-content a{\n    border-bottom: 0;\n}\n.video-element_2:hover .title-block_2 {bottom:0;}\n\n.video-element_2 .title-block_2 a, .video-element_2 .title-block_2 a:link, .video-element_2 .title-block_2 a:visited {\n    position:relative;\n    margin:0;\n    padding:0 1% 0 2%;\n    width:97%;\n    text-decoration:none;\n    text-overflow: ellipsis;\n    overflow: hidden;\n    white-space:nowrap;\n    z-index:20;\n    font-size: 16px;\n    color:#C02121;\n    font-weight:normal;\n    box-shadow: none !important;\n}\n\n.video-element_2 .title-block_2 a:hover, .video-element_2 .title-block_2 a:focus, .video-element_2 .title-block_2 a:active {\n    color:#FF2C2C;\n    text-decoration:none;\n}\n\n.load_more4 {\n    margin: 10px 0;\n    position:relative;\n    text-align:center;\n    width:100%;\n}\n\n.load_more_button4 {\n    border-radius: 10px;\n    display:inline-block;\n    padding:5px 15px;\n    font-size:16px !important;;\n    color:#FF0D0D !important;;\n    background:#5CADFF !important;\n    cursor:pointer;\n\n}\n.load_more_button4:hover{\n    color:#FF4040 !important;\n    background:#99C5FF !important;\n}\n\n.loading4 {\n    display:none;\n}\n.paginate4{\n    font-size:19px !important;\n    color:#FF2C2C !important;\n    text-align: center;\n    margin-top: 25px;\n}\n.paginate4 a{\n    border-bottom: none !important;\n    box-shadow: none !important;\n}\n.icon-style4{\n    font-size: 21px !important;\n    color:#B82020 !important;\n}\n.clear{\n    clear:both;\n}\n<\/style><\/p>\n\n\n\n<p class=\"gtfy-4\"><\/p>","protected":false},"excerpt":{"rendered":"","protected":false},"author":1,"featured_media":0,"parent":0,"menu_order":60,"comment_status":"closed","ping_status":"closed","template":"","meta":{"footnotes":""},"class_list":["post-58","page","type-page","status-publish","hentry"],"_links":{"self":[{"href":"https:\/\/sfk.life\/en\/wp-json\/wp\/v2\/pages\/58","targetHints":{"allow":["GET"]}}],"collection":[{"href":"https:\/\/sfk.life\/en\/wp-json\/wp\/v2\/pages"}],"about":[{"href":"https:\/\/sfk.life\/en\/wp-json\/wp\/v2\/types\/page"}],"author":[{"embeddable":true,"href":"https:\/\/sfk.life\/en\/wp-json\/wp\/v2\/users\/1"}],"replies":[{"embeddable":true,"href":"https:\/\/sfk.life\/en\/wp-json\/wp\/v2\/comments?post=58"}],"version-history":[{"count":8,"href":"https:\/\/sfk.life\/en\/wp-json\/wp\/v2\/pages\/58\/revisions"}],"predecessor-version":[{"id":81,"href":"https:\/\/sfk.life\/en\/wp-json\/wp\/v2\/pages\/58\/revisions\/81"}],"wp:attachment":[{"href":"https:\/\/sfk.life\/en\/wp-json\/wp\/v2\/media?parent=58"}],"curies":[{"name":"wp","href":"https:\/\/api.w.org\/{rel}","templated":true}]}}