{"id":84,"date":"2020-11-29T13:32:44","date_gmt":"2020-11-29T13:32:44","guid":{"rendered":"http:\/\/sfk.life\/?page_id=84"},"modified":"2025-06-11T17:08:12","modified_gmt":"2025-06-11T16:08:12","slug":"start","status":"publish","type":"page","link":"https:\/\/sfk.life\/en\/","title":{"rendered":"Home"},"content":{"rendered":"<p class=\"gtfy-1\">V\u00e4lkommen till den officiella YouTube-kanalen f\u00f6r Sveriges F\u00f6rvaltningskammare. H\u00e4r hittar du informativt inneh\u00e5ll om f\u00f6rvaltningsr\u00e4tt, offentlig f\u00f6rvaltning och det svenska r\u00e4ttssystemet. V\u00e5ra videor syftar till att informera och utbilda b\u00e5de yrkesverksamma och allm\u00e4nheten om f\u00f6rvaltningars arbete och beslut om medborgare i Sverige.<\/p>\n\n\n\n<figure class=\"wp-block-embed is-type-video is-provider-youtube wp-block-embed-youtube wp-embed-aspect-16-9 wp-has-aspect-ratio gtfy-4\"><div class=\"wp-block-embed__wrapper\">\n<iframe loading=\"lazy\" title=\"Skuldslaven har ordet\" width=\"500\" height=\"281\" src=\"https:\/\/www.youtube.com\/embed\/MBecgmEnWnE?feature=oembed\" frameborder=\"0\" allow=\"accelerometer; autoplay; clipboard-write; encrypted-media; gyroscope; picture-in-picture; web-share\" referrerpolicy=\"strict-origin-when-cross-origin\" allowfullscreen><\/iframe>\n<\/div><\/figure>\n\n\n\n<p class=\"gtfy-7\">V\u00e5r senaste video \u00e4r en ber\u00e4ttelse om en skuld till trafikf\u00f6rs\u00e4kringsf\u00f6rening som eskalerat. I ett samarbete mellan kronofogden och trafikf\u00f6rs\u00e4kringsf\u00f6reningen. Forst\u00e4ttning f\u00f6ljer. \u00c4r ni intresserade av att veta mer kontakta oss.<\/p>\n\n\n\n<figure class=\"wp-block-embed is-type-video is-provider-youtube wp-block-embed-youtube wp-embed-aspect-16-9 wp-has-aspect-ratio gtfy-10\"><div class=\"wp-block-embed__wrapper\">\n<iframe loading=\"lazy\" title=\"Civilspanaren i \u00c5kersberga\" width=\"500\" height=\"281\" src=\"https:\/\/www.youtube.com\/embed\/9HAYXB-6Qu8?start=23&#038;feature=oembed\" frameborder=\"0\" allow=\"accelerometer; autoplay; clipboard-write; encrypted-media; gyroscope; picture-in-picture; web-share\" referrerpolicy=\"strict-origin-when-cross-origin\" allowfullscreen><\/iframe>\n<\/div><\/figure>\n\n\n\n<figure class=\"wp-block-embed is-type-video is-provider-youtube wp-block-embed-youtube wp-embed-aspect-16-9 wp-has-aspect-ratio gtfy-13\"><div class=\"wp-block-embed__wrapper\">\n<iframe loading=\"lazy\" title=\"Bolagsupplysningen   Torsk i Tallinn\" width=\"500\" height=\"281\" src=\"https:\/\/www.youtube.com\/embed\/Q-1QZVSBLRw?start=437&#038;feature=oembed\" frameborder=\"0\" allow=\"accelerometer; autoplay; clipboard-write; encrypted-media; gyroscope; picture-in-picture; web-share\" referrerpolicy=\"strict-origin-when-cross-origin\" allowfullscreen><\/iframe>\n<\/div><\/figure>\n\n\n\n<figure class=\"wp-block-embed is-type-video is-provider-youtube wp-block-embed-youtube wp-embed-aspect-16-9 wp-has-aspect-ratio gtfy-16\"><div class=\"wp-block-embed__wrapper\">\n<iframe loading=\"lazy\" title=\"A shorter explanation P1, P2, P3\" width=\"500\" height=\"281\" src=\"https:\/\/www.youtube.com\/embed\/NkQpdses1is?start=125&#038;feature=oembed\" frameborder=\"0\" allow=\"accelerometer; autoplay; clipboard-write; encrypted-media; gyroscope; picture-in-picture; web-share\" referrerpolicy=\"strict-origin-when-cross-origin\" allowfullscreen><\/iframe>\n<\/div><\/figure>","protected":false},"excerpt":{"rendered":"<p>V\u00e4lkommen till den officiella YouTube-kanalen f\u00f6r Sveriges F\u00f6rvaltningskammare. H\u00e4r hittar du informativt inneh\u00e5ll om f\u00f6rvaltningsr\u00e4tt, [&hellip;]<\/p>\n","protected":false},"author":1,"featured_media":0,"parent":0,"menu_order":1,"comment_status":"closed","ping_status":"closed","template":"","meta":{"footnotes":""},"class_list":["post-84","page","type-page","status-publish","hentry"],"_links":{"self":[{"href":"https:\/\/sfk.life\/en\/wp-json\/wp\/v2\/pages\/84","targetHints":{"allow":["GET"]}}],"collection":[{"href":"https:\/\/sfk.life\/en\/wp-json\/wp\/v2\/pages"}],"about":[{"href":"https:\/\/sfk.life\/en\/wp-json\/wp\/v2\/types\/page"}],"author":[{"embeddable":true,"href":"https:\/\/sfk.life\/en\/wp-json\/wp\/v2\/users\/1"}],"replies":[{"embeddable":true,"href":"https:\/\/sfk.life\/en\/wp-json\/wp\/v2\/comments?post=84"}],"version-history":[{"count":19,"href":"https:\/\/sfk.life\/en\/wp-json\/wp\/v2\/pages\/84\/revisions"}],"predecessor-version":[{"id":286,"href":"https:\/\/sfk.life\/en\/wp-json\/wp\/v2\/pages\/84\/revisions\/286"}],"wp:attachment":[{"href":"https:\/\/sfk.life\/en\/wp-json\/wp\/v2\/media?parent=84"}],"curies":[{"name":"wp","href":"https:\/\/api.w.org\/{rel}","templated":true}]}}